{"id":3,"date":"2021-06-16T16:06:30","date_gmt":"2021-06-16T14:06:30","guid":{"rendered":"https:\/\/www.alteripso.com\/?page_id=3"},"modified":"2026-03-10T17:29:19","modified_gmt":"2026-03-10T16:29:19","slug":"politique-de-cookies","status":"publish","type":"page","link":"https:\/\/www.alteripso.com\/en\/politique-de-cookies\/","title":{"rendered":"Cookie policy"},"content":{"rendered":"<p><div class=\"fusion-fullwidth fullwidth-box fusion-builder-row-1 fusion-flex-container has-pattern-background has-mask-background hundred-percent-fullwidth non-hundred-percent-height-scrolling fusion-no-small-visibility fusion-custom-z-index\" style=\"--awb-background-position:center bottom;--awb-border-radius-top-left:0px;--awb-border-radius-top-right:0px;--awb-border-radius-bottom-right:0px;--awb-border-radius-bottom-left:0px;--awb-z-index:0;--awb-padding-top:0%;--awb-padding-right:0%;--awb-padding-bottom:3%;--awb-padding-left:0%;--awb-padding-top-medium:40px;--awb-padding-right-medium:4%;--awb-padding-bottom-medium:0px;--awb-padding-left-medium:4%;--awb-padding-top-small:20px;--awb-padding-bottom-small:20px;--awb-margin-top:0%;--awb-margin-bottom:0%;--awb-margin-bottom-medium:0px;--awb-background-size:cover;--awb-flex-wrap:wrap;\" ><div class=\"fusion-builder-row fusion-row fusion-flex-align-items-stretch fusion-flex-content-wrap\" style=\"width:104% !important;max-width:104% !important;margin-left: calc(-4% \/ 2 );margin-right: calc(-4% \/ 2 );\"><div class=\"fusion-layout-column fusion_builder_column fusion-builder-column-0 fusion_builder_column_1_1 1_1 fusion-flex-column af-bf-w\" style=\"--awb-z-index:0;--awb-padding-top:25%;--awb-absolute-top:-150px;--awb-absolute-right:0px;--awb-absolute-left:-359px;--awb-container-position:absolute;--awb-bg-position:left center;--awb-bg-size:cover;--awb-width-large:100%;--awb-margin-top-large:0px;--awb-spacing-right-large:0%;--awb-margin-bottom-large:0px;--awb-spacing-left-large:0%;--awb-width-medium:100%;--awb-order-medium:0;--awb-spacing-right-medium:0%;--awb-spacing-left-medium:0%;--awb-width-small:100%;--awb-order-small:0;--awb-spacing-right-small:1.92%;--awb-spacing-left-small:1.92%;\"><div class=\"fusion-column-wrapper lazyload fusion-column-has-shadow fusion-flex-justify-content-flex-start fusion-content-layout-column fusion-empty-column-bg-image fusion-column-has-bg-image\" data-bg-url=\"https:\/\/www.alteripso.com\/wp-content\/uploads\/2026\/02\/Mask-contact.webp\" data-bg=\"https:\/\/www.alteripso.com\/wp-content\/uploads\/2026\/02\/Mask-contact.webp\"><img decoding=\"async\" class=\"fusion-empty-dims-img-placeholder fusion-no-large-visibility\" src=\"data:image\/svg+xml,%3Csvg%20xmlns%3D%27http%3A%2F%2Fwww.w3.org%2F2000%2Fsvg%27%20width%3D%271920%27%20height%3D%27403%27%20viewBox%3D%270%200%201920%20403%27%3E%3Crect%20width%3D%271920%27%20height%3D%27403%27%20fill-opacity%3D%220%22%2F%3E%3C%2Fsvg%3E\"><\/div><\/div><\/div><\/div><div class=\"fusion-fullwidth fullwidth-box fusion-builder-row-2 fusion-flex-container has-pattern-background has-mask-background nonhundred-percent-fullwidth non-hundred-percent-height-scrolling\" style=\"--link_hover_color: var(--awb-color2);--link_color: var(--awb-color3);--awb-border-radius-top-left:0px;--awb-border-radius-top-right:0px;--awb-border-radius-bottom-right:0px;--awb-border-radius-bottom-left:0px;--awb-padding-top:4%;--awb-padding-right:4%;--awb-padding-bottom:4%;--awb-padding-left:4%;--awb-padding-top-small:20px;--awb-padding-right-small:20px;--awb-padding-bottom-small:20px;--awb-padding-left-small:20px;--awb-flex-wrap:wrap;\" ><div class=\"fusion-builder-row fusion-row fusion-flex-align-items-flex-start fusion-flex-content-wrap\" style=\"max-width:1560px;margin-left: calc(-4% \/ 2 );margin-right: calc(-4% \/ 2 );\"><div class=\"fusion-layout-column fusion_builder_column fusion-builder-column-1 fusion_builder_column_1_1 1_1 fusion-flex-column\" style=\"--awb-bg-blend:overlay;--awb-bg-size:cover;--awb-width-large:100%;--awb-margin-top-large:0px;--awb-spacing-right-large:1.92%;--awb-margin-bottom-large:0px;--awb-spacing-left-large:1.92%;--awb-width-medium:100%;--awb-spacing-right-medium:1.92%;--awb-spacing-left-medium:1.92%;--awb-width-small:100%;--awb-spacing-right-small:1.92%;--awb-spacing-left-small:1.92%;\"><div class=\"fusion-column-wrapper fusion-flex-justify-content-flex-start fusion-content-layout-column\"><div class=\"fusion-title title fusion-title-1 fusion-sep-none fusion-title-text fusion-title-size-one\" style=\"--awb-text-color:var(--awb-color4);--awb-margin-bottom:3%;--awb-font-size:96px;\"><h1 class=\"fusion-title-heading title-heading-left fusion-responsive-typography-calculated\" style=\"font-family:&quot;RedditSans-Bold&quot;;font-style:normal;font-weight:400;margin:0;font-size:1em;--fontSize:96;line-height:1.16;\">Cookie policy<\/h1><\/div><div class=\"fusion-text fusion-text-1\"><p><strong>\u00c0 propos de cette politique de cookies<\/strong><br \/>\nThis cookie policy explains what cookies are and how we use them. You should read this policy to understand what cookies are, how we use them, the types of cookies we use, i.e. the information we collect using cookies and how this information is used, and how to control cookie preferences. For more information on how we use, store and protect your personal data, please see our Privacy Policy.<\/p>\n<p>You can change or withdraw your consent to the Cookie Declaration on our website at any time.<\/p>\n<p>Find out more about who we are, how you can contact us and how we handle personal data in our privacy policy.<\/p>\n<p>Your consent applies to the following areas: <a href=\"https:\/\/www.alteripso.com\/en\/\">https:\/\/www.alteripso.com\/<\/a><\/p>\n<p><strong>Que sont les cookies?<\/strong><br \/>\nCookies are small text files used to store small pieces of information. Cookies are stored on your device when the website is loaded on your browser. These cookies help us to make the website work properly, to make the website safer, to provide a better user experience and to understand how the website works and analyze what works and where it needs improvement.<\/p>\n<p><strong>Comment utilisons-nous les cookies?<\/strong><br \/>\nLike most online services, our website uses proprietary and third-party cookies for several purposes. Proprietary cookies are mainly necessary for the operation of the website and do not collect any of your personally identifiable data.<\/p>\n<p>Third-party cookies used on our websites are used primarily to understand how the website works, how you interact with our website, keep our services secure, provide advertising that is relevant to you and, overall, provide you with a better and improved user experience and speed up your future interactions with our website.<\/p>\n<p><strong>Quels types de cookies utilisons-nous?<\/strong><br \/>\nEssential: some cookies are essential for you to enjoy all the features of our site. They enable us to maintain user sessions and prevent security threats. They do not collect or store any personal information. For example, these cookies enable you to log in to your account, add products to your basket and order in total security.<\/p>\n<p>Statistics: These cookies store information such as the number of visitors to the website, the number of unique visitors, which pages of the website have been visited, the source of the visit, and so on. This data helps us to understand and analyze the website's performance and where it needs to be improved.<\/p>\n<p>Marketing: our website displays advertisements. These cookies are used to personalize the ads we show you so that they are meaningful to you. These cookies also help us track the effectiveness of these advertising campaigns.<\/p>\n<p>The information stored in these cookies may also be used by third-party advertising providers to show you ads on other websites on the browser as well.<\/p>\n<p>Functional: these are the cookies that help certain non-essential functionalities of our website. These features include embedding content such as videos or sharing content on the website on social media platforms.<\/p>\n<p>Preferences: These cookies help us store your settings and browsing preferences such as language preferences so that you have a better and more efficient experience on future visits to the site.<\/p>\n<p><strong>Comment puis-je contr\u00f4ler les pr\u00e9f\u00e9rences des cookies?<br \/>\n<\/strong>Les navigateurs proposent diff\u00e9rentes m\u00e9thodes pour bloquer et supprimer les cookies utilis\u00e9s par les sites Web. Vous pouvez modifier les param\u00e8tres de votre navigateur pour bloquer \/ supprimer les cookies. Pour en savoir plus sur la gestion et la suppression des cookies, visitez wikipedia.org, <a href=\"http:\/\/www.allaboutcookies.org\">www.allaboutcookies.org<\/a>.<\/p>\n<\/div><\/div><\/div><\/div><\/div><\/p>","protected":false},"excerpt":{"rendered":"","protected":false},"author":1,"featured_media":0,"parent":0,"menu_order":0,"comment_status":"closed","ping_status":"open","template":"100-width.php","meta":{"inline_featured_image":false,"footnotes":""},"class_list":["post-3","page","type-page","status-publish","hentry"],"yoast_head":"<!-- This site is optimized with the Yoast SEO plugin v27.4 - https:\/\/yoast.com\/product\/yoast-seo-wordpress\/ -->\n<title>Politique de cookies - Alter Ipso<\/title>\n<meta name=\"robots\" content=\"index, follow, max-snippet:-1, max-image-preview:large, max-video-preview:-1\" \/>\n<link rel=\"canonical\" href=\"https:\/\/www.alteripso.com\/en\/politique-de-cookies\/\" \/>\n<meta property=\"og:locale\" content=\"en_US\" \/>\n<meta property=\"og:type\" content=\"article\" \/>\n<meta property=\"og:title\" content=\"Politique de cookies - Alter Ipso\" \/>\n<meta property=\"og:url\" content=\"https:\/\/www.alteripso.com\/en\/politique-de-cookies\/\" \/>\n<meta property=\"og:site_name\" content=\"Alter Ipso\" \/>\n<meta property=\"article:modified_time\" content=\"2026-03-10T16:29:19+00:00\" \/>\n<meta name=\"twitter:card\" content=\"summary_large_image\" \/>\n<meta name=\"twitter:label1\" content=\"Est. reading time\" \/>\n\t<meta name=\"twitter:data1\" content=\"4 minutes\" \/>\n<!-- \/ Yoast SEO plugin. -->","yoast_head_json":{"title":"Politique de cookies - Alter Ipso","robots":{"index":"index","follow":"follow","max-snippet":"max-snippet:-1","max-image-preview":"max-image-preview:large","max-video-preview":"max-video-preview:-1"},"canonical":"https:\/\/www.alteripso.com\/en\/politique-de-cookies\/","og_locale":"en_US","og_type":"article","og_title":"Politique de cookies - Alter Ipso","og_url":"https:\/\/www.alteripso.com\/en\/politique-de-cookies\/","og_site_name":"Alter Ipso","article_modified_time":"2026-03-10T16:29:19+00:00","twitter_card":"summary_large_image","twitter_misc":{"Est. reading time":"4 minutes"},"schema":{"@context":"https:\/\/schema.org","@graph":[{"@type":"WebPage","@id":"https:\/\/www.alteripso.com\/politique-de-cookies\/","url":"https:\/\/www.alteripso.com\/politique-de-cookies\/","name":"Politique de cookies - Alter Ipso","isPartOf":{"@id":"https:\/\/www.alteripso.com\/#website"},"datePublished":"2021-06-16T14:06:30+00:00","dateModified":"2026-03-10T16:29:19+00:00","breadcrumb":{"@id":"https:\/\/www.alteripso.com\/politique-de-cookies\/#breadcrumb"},"inLanguage":"en-US","potentialAction":[{"@type":"ReadAction","target":["https:\/\/www.alteripso.com\/politique-de-cookies\/"]}]},{"@type":"BreadcrumbList","@id":"https:\/\/www.alteripso.com\/politique-de-cookies\/#breadcrumb","itemListElement":[{"@type":"ListItem","position":1,"name":"Accueil","item":"https:\/\/www.alteripso.com\/"},{"@type":"ListItem","position":2,"name":"Politique de cookies"}]},{"@type":"WebSite","@id":"https:\/\/www.alteripso.com\/#website","url":"https:\/\/www.alteripso.com\/","name":"Alter Ipso","description":"Your R))) solution","potentialAction":[{"@type":"SearchAction","target":{"@type":"EntryPoint","urlTemplate":"https:\/\/www.alteripso.com\/?s={search_term_string}"},"query-input":{"@type":"PropertyValueSpecification","valueRequired":true,"valueName":"search_term_string"}}],"inLanguage":"en-US"}]}},"_links":{"self":[{"href":"https:\/\/www.alteripso.com\/en\/wp-json\/wp\/v2\/pages\/3","targetHints":{"allow":["GET"]}}],"collection":[{"href":"https:\/\/www.alteripso.com\/en\/wp-json\/wp\/v2\/pages"}],"about":[{"href":"https:\/\/www.alteripso.com\/en\/wp-json\/wp\/v2\/types\/page"}],"author":[{"embeddable":true,"href":"https:\/\/www.alteripso.com\/en\/wp-json\/wp\/v2\/users\/1"}],"replies":[{"embeddable":true,"href":"https:\/\/www.alteripso.com\/en\/wp-json\/wp\/v2\/comments?post=3"}],"version-history":[{"count":14,"href":"https:\/\/www.alteripso.com\/en\/wp-json\/wp\/v2\/pages\/3\/revisions"}],"predecessor-version":[{"id":5139,"href":"https:\/\/www.alteripso.com\/en\/wp-json\/wp\/v2\/pages\/3\/revisions\/5139"}],"wp:attachment":[{"href":"https:\/\/www.alteripso.com\/en\/wp-json\/wp\/v2\/media?parent=3"}],"curies":[{"name":"wp","href":"https:\/\/api.w.org\/{rel}","templated":true}]}}