{"id":1101,"date":"2020-09-14T16:02:53","date_gmt":"2020-09-14T16:02:53","guid":{"rendered":"https:\/\/www.alteripso.com\/?page_id=1101"},"modified":"2026-04-17T11:49:23","modified_gmt":"2026-04-17T09:49:23","slug":"les-offres-emploi-alter-ipso","status":"publish","type":"page","link":"https:\/\/www.alteripso.com\/en\/les-offres-emploi-alter-ipso\/","title":{"rendered":"ALTER IPSO JOB OFFERS"},"content":{"rendered":"<p><div class=\"fusion-fullwidth fullwidth-box fusion-builder-row-1 fusion-flex-container has-pattern-background has-mask-background hundred-percent-fullwidth non-hundred-percent-height-scrolling fusion-no-small-visibility fusion-custom-z-index\" style=\"--awb-background-position:center bottom;--awb-border-radius-top-left:0px;--awb-border-radius-top-right:0px;--awb-border-radius-bottom-right:0px;--awb-border-radius-bottom-left:0px;--awb-z-index:0;--awb-padding-top:0%;--awb-padding-right:0%;--awb-padding-bottom:3%;--awb-padding-left:0%;--awb-padding-top-medium:40px;--awb-padding-right-medium:4%;--awb-padding-bottom-medium:0px;--awb-padding-left-medium:4%;--awb-padding-top-small:20px;--awb-padding-bottom-small:20px;--awb-margin-top:0%;--awb-margin-bottom:0%;--awb-margin-bottom-medium:0px;--awb-background-size:cover;--awb-flex-wrap:wrap;\" ><div class=\"fusion-builder-row fusion-row fusion-flex-align-items-stretch fusion-flex-content-wrap\" style=\"width:104% !important;max-width:104% !important;margin-left: calc(-4% \/ 2 );margin-right: calc(-4% \/ 2 );\"><div class=\"fusion-layout-column fusion_builder_column fusion-builder-column-0 fusion_builder_column_1_1 1_1 fusion-flex-column af-bf-w\" style=\"--awb-z-index:0;--awb-padding-top:25%;--awb-absolute-top:-150px;--awb-absolute-right:0px;--awb-absolute-left:-359px;--awb-container-position:absolute;--awb-bg-position:left center;--awb-bg-size:cover;--awb-width-large:100%;--awb-margin-top-large:0px;--awb-spacing-right-large:0%;--awb-margin-bottom-large:0px;--awb-spacing-left-large:0%;--awb-width-medium:100%;--awb-order-medium:0;--awb-spacing-right-medium:0%;--awb-spacing-left-medium:0%;--awb-width-small:100%;--awb-order-small:0;--awb-spacing-right-small:1.92%;--awb-spacing-left-small:1.92%;\"><div class=\"fusion-column-wrapper lazyload fusion-column-has-shadow fusion-flex-justify-content-flex-start fusion-content-layout-column fusion-empty-column-bg-image fusion-column-has-bg-image\" data-bg-url=\"https:\/\/www.alteripso.com\/wp-content\/uploads\/2026\/02\/Mask-contact.webp\" data-bg=\"https:\/\/www.alteripso.com\/wp-content\/uploads\/2026\/02\/Mask-contact.webp\"><img decoding=\"async\" class=\"fusion-empty-dims-img-placeholder fusion-no-large-visibility\" src=\"data:image\/svg+xml,%3Csvg%20xmlns%3D%27http%3A%2F%2Fwww.w3.org%2F2000%2Fsvg%27%20width%3D%271920%27%20height%3D%27403%27%20viewBox%3D%270%200%201920%20403%27%3E%3Crect%20width%3D%271920%27%20height%3D%27403%27%20fill-opacity%3D%220%22%2F%3E%3C%2Fsvg%3E\"><\/div><\/div><\/div><\/div><div class=\"fusion-fullwidth fullwidth-box fusion-builder-row-2 fusion-flex-container has-pattern-background has-mask-background hundred-percent-fullwidth non-hundred-percent-height-scrolling fusion-custom-z-index\" style=\"--awb-border-radius-top-left:0px;--awb-border-radius-top-right:0px;--awb-border-radius-bottom-right:0px;--awb-border-radius-bottom-left:0px;--awb-z-index:0;--awb-padding-top:4%;--awb-padding-right:0%;--awb-padding-bottom:0%;--awb-padding-left:10%;--awb-padding-top-medium:4%;--awb-padding-right-medium:0%;--awb-padding-bottom-medium:4%;--awb-padding-left-medium:4%;--awb-padding-top-small:20px;--awb-padding-right-small:20px;--awb-padding-bottom-small:20px;--awb-padding-left-small:20px;--awb-flex-wrap:wrap;\" ><div class=\"fusion-builder-row fusion-row fusion-flex-align-items-stretch fusion-flex-content-wrap\" style=\"width:104% !important;max-width:104% !important;margin-left: calc(-4% \/ 2 );margin-right: calc(-4% \/ 2 );\"><div class=\"fusion-layout-column fusion_builder_column fusion-builder-column-1 fusion_builder_column_1_2 1_2 fusion-flex-column fusion-flex-align-self-stretch\" style=\"--awb-bg-size:cover;--awb-width-large:50%;--awb-margin-top-large:20px;--awb-spacing-right-large:11.52%;--awb-margin-bottom-large:0px;--awb-spacing-left-large:0%;--awb-width-medium:50%;--awb-order-medium:0;--awb-margin-top-medium:0px;--awb-spacing-right-medium:6.72%;--awb-margin-bottom-medium:0px;--awb-spacing-left-medium:0%;--awb-width-small:100%;--awb-order-small:0;--awb-spacing-right-small:1.92%;--awb-margin-bottom-small:0px;--awb-spacing-left-small:1.92%;\"><div class=\"fusion-column-wrapper fusion-column-has-shadow fusion-flex-justify-content-flex-start fusion-content-layout-row\"><div class=\"fusion-title title fusion-title-1 fusion-sep-none fusion-title-text fusion-title-size-one\" style=\"--awb-text-color:#011c25;--awb-margin-top:0px;--awb-margin-bottom:24px;--awb-font-size:96px;\"><h1 class=\"fusion-title-heading title-heading-left fusion-responsive-typography-calculated\" style=\"font-family:&quot;RedditSans-Bold&quot;;font-style:normal;font-weight:400;margin:0;font-size:1em;--fontSize:96;line-height:1.16;\">Our job offers<\/h1><\/div><div class=\"fusion-text fusion-text-1 fusion-text-no-margin\" style=\"--awb-text-color:var(--awb-color4);--awb-margin-bottom:6%;\"><p>We regularly recruit IT development engineers with expertise in REACT, JAVASCRIPT and PHP technologies.<\/p>\n<p>We're also looking for network technicians familiar with FULL IP, DOCSIS and WIFI COAX.<\/p>\n<\/div><\/div><\/div><div class=\"fusion-layout-column fusion_builder_column fusion-builder-column-2 fusion_builder_column_1_2 1_2 fusion-flex-column fusion-no-small-visibility\" style=\"--awb-bg-size:cover;--awb-width-large:50%;--awb-margin-top-large:20px;--awb-spacing-right-large:-3.84%;--awb-margin-bottom-large:0px;--awb-spacing-left-large:0%;--awb-width-medium:50%;--awb-order-medium:0;--awb-margin-top-medium:0px;--awb-spacing-right-medium:6.72%;--awb-margin-bottom-medium:0px;--awb-spacing-left-medium:0%;--awb-width-small:100%;--awb-order-small:0;--awb-margin-top-small:0px;--awb-spacing-right-small:1.92%;--awb-margin-bottom-small:0px;--awb-spacing-left-small:1.92%;\"><div class=\"fusion-column-wrapper fusion-column-has-shadow fusion-flex-justify-content-flex-start fusion-content-layout-column\"><div class=\"fusion-image-element\" style=\"text-align:right;--awb-caption-title-font-family:var(--h2_typography-font-family);--awb-caption-title-font-weight:var(--h2_typography-font-weight);--awb-caption-title-font-style:var(--h2_typography-font-style);--awb-caption-title-size:var(--h2_typography-font-size);--awb-caption-title-transform:var(--h2_typography-text-transform);--awb-caption-title-line-height:var(--h2_typography-line-height);--awb-caption-title-letter-spacing:var(--h2_typography-letter-spacing);\"><span class=\"fusion-imageframe imageframe-none imageframe-1 hover-type-none\" style=\"border-radius:12px;\"><img decoding=\"async\" width=\"734\" height=\"563\" title=\"careers-image\" src=\"data:image\/svg+xml,%3Csvg%20xmlns%3D%27http%3A%2F%2Fwww.w3.org%2F2000%2Fsvg%27%20width%3D%27734%27%20height%3D%27563%27%20viewBox%3D%270%200%20734%20563%27%3E%3Crect%20width%3D%27734%27%20height%3D%27563%27%20fill-opacity%3D%220%22%2F%3E%3C%2Fsvg%3E\" data-orig-src=\"https:\/\/www.alteripso.com\/wp-content\/uploads\/2026\/02\/carrieres-image.svg\" alt class=\"lazyload img-responsive wp-image-4469\"\/><\/span><\/div><\/div><\/div><\/div><\/div><div class=\"fusion-fullwidth fullwidth-box fusion-builder-row-3 fusion-flex-container has-pattern-background has-mask-background hundred-percent-fullwidth non-hundred-percent-height-scrolling fusion-custom-z-index\" style=\"--awb-border-radius-top-left:0px;--awb-border-radius-top-right:0px;--awb-border-radius-bottom-right:0px;--awb-border-radius-bottom-left:0px;--awb-z-index:0;--awb-padding-top:0%;--awb-padding-right:0%;--awb-padding-bottom:6%;--awb-padding-left:10%;--awb-padding-top-medium:0%;--awb-padding-right-medium:0%;--awb-padding-bottom-medium:4%;--awb-padding-left-medium:4%;--awb-padding-top-small:20px;--awb-padding-right-small:20px;--awb-padding-bottom-small:20px;--awb-padding-left-small:20px;--awb-flex-wrap:wrap;\" ><div class=\"fusion-builder-row fusion-row fusion-flex-align-items-stretch fusion-flex-content-wrap\" style=\"width:104% !important;max-width:104% !important;margin-left: calc(-4% \/ 2 );margin-right: calc(-4% \/ 2 );\"><div class=\"fusion-layout-column fusion_builder_column fusion-builder-column-3 fusion_builder_column_1_2 1_2 fusion-flex-column fusion-flex-align-self-stretch\" style=\"--awb-bg-size:cover;--awb-width-large:50%;--awb-margin-top-large:0px;--awb-spacing-right-large:0%;--awb-margin-bottom-large:20px;--awb-spacing-left-large:0%;--awb-width-medium:66.666666666667%;--awb-order-medium:0;--awb-margin-top-medium:0px;--awb-spacing-right-medium:5.04%;--awb-margin-bottom-medium:0px;--awb-spacing-left-medium:0%;--awb-width-small:100%;--awb-order-small:0;--awb-spacing-right-small:1.92%;--awb-margin-bottom-small:0px;--awb-spacing-left-small:1.92%;\"><div class=\"fusion-column-wrapper fusion-column-has-shadow fusion-flex-justify-content-flex-start fusion-content-layout-row\"><div class=\"fusion-builder-row fusion-builder-row-inner fusion-row fusion-flex-align-items-stretch fusion-flex-content-wrap\" style=\"width:104% !important;max-width:104% !important;margin-left: calc(-4% \/ 2 );margin-right: calc(-4% \/ 2 );\"><div class=\"fusion-layout-column fusion_builder_column_inner fusion-builder-nested-column-0 fusion_builder_column_inner_2_5 2_5 fusion-flex-column fusion-flex-align-self-stretch col-offre\" style=\"--awb-padding-top:70px;--awb-padding-right:25px;--awb-padding-bottom:25px;--awb-padding-left:25px;--awb-overflow:hidden;--awb-bg-position:right top;--awb-bg-size:cover;--awb-border-radius:20px 0px 20px 20px;--awb-width-large:40%;--awb-margin-top-large:0px;--awb-spacing-right-large:7.2%;--awb-margin-bottom-large:0px;--awb-spacing-left-large:4.8%;--awb-width-medium:50%;--awb-order-medium:0;--awb-margin-top-medium:0px;--awb-spacing-right-medium:2.496%;--awb-margin-bottom-medium:0px;--awb-spacing-left-medium:3.84%;--awb-width-small:100%;--awb-order-small:0;--awb-spacing-right-small:1.92%;--awb-margin-bottom-small:15px;--awb-spacing-left-small:1.92%;\"><div class=\"fusion-column-wrapper lazyload fusion-column-has-shadow fusion-flex-justify-content-flex-start fusion-content-layout-column fusion-column-has-bg-image\" data-bg-url=\"https:\/\/www.alteripso.com\/wp-content\/uploads\/2026\/02\/Frame-26.webp\" data-bg=\"https:\/\/www.alteripso.com\/wp-content\/uploads\/2026\/02\/Frame-26.webp\"><div class=\"fusion-title title fusion-title-2 fusion-sep-none fusion-title-text fusion-title-size-div\" style=\"--awb-text-color:var(--awb-color5);--awb-margin-bottom:0px;--awb-margin-bottom-small:0px;--awb-font-size:20px;\"><div class=\"fusion-title-heading title-heading-left title-heading-tag fusion-responsive-typography-calculated\" style=\"font-family:&quot;RedditSans-SemiBold&quot;;font-style:normal;font-weight:400;margin:0;font-size:1em;--fontSize:20;--minFontSize:20;line-height:1.7;\"><p>Support technicians<br \/>\ntechnology &amp; installation<\/p><\/div><\/div><div class=\"fusion-text fusion-text-2\" style=\"--awb-font-size:18px;--awb-text-color:var(--awb-color5);--awb-margin-top:0px;--awb-text-font-family:&quot;RedditSans-Light&quot;;--awb-text-font-style:normal;--awb-text-font-weight:400;\"><p>Annecy le Vieux<br \/>\nPAE des Glaisins,<br \/>\nFull-time<\/p>\n<\/div><div style=\"text-align:right;\"><a class=\"fusion-button button-flat fusion-button-default-size button-custom fusion-button-default button-1 fusion-button-default-span fusion-button-default-type btn-hov-offre\" style=\"--button_accent_color:var(--awb-color5);--button_border_color:var(--awb-color5);--button_accent_hover_color:var(--awb-color5);--button_border_hover_color:var(--awb-color2);--button_border_width-top:1px;--button_border_width-right:1px;--button_border_width-bottom:1px;--button_border_width-left:1px;--button_gradient_top_color:var(--awb-color6);--button_gradient_bottom_color:var(--awb-color6);--button_gradient_top_color_hover:var(--awb-color2);--button_gradient_bottom_color_hover:var(--awb-color2);--button_padding-top:8px;--button_padding-right:39px;--button_padding-bottom:8px;--button_padding-left:39px;--button_margin-top:0px;\" target=\"_self\" href=\"\/en\/poste\/techniciens-support-technique-installation\/\"><span class=\"fusion-button-text\">Search<\/span><\/a><\/div><\/div><\/div><div class=\"fusion-layout-column fusion_builder_column_inner fusion-builder-nested-column-1 fusion_builder_column_inner_2_5 2_5 fusion-flex-column fusion-flex-align-self-stretch col-offre\" style=\"--awb-padding-top:70px;--awb-padding-right:25px;--awb-padding-bottom:25px;--awb-padding-left:25px;--awb-overflow:hidden;--awb-bg-position:right top;--awb-bg-size:cover;--awb-border-radius:20px 0px 20px 20px;--awb-width-large:40%;--awb-margin-top-large:0px;--awb-spacing-right-large:0%;--awb-margin-bottom-large:0px;--awb-spacing-left-large:7.2%;--awb-width-medium:50%;--awb-order-medium:0;--awb-margin-top-medium:0px;--awb-spacing-right-medium:0%;--awb-margin-bottom-medium:0px;--awb-spacing-left-medium:2.496%;--awb-width-small:100%;--awb-order-small:0;--awb-spacing-right-small:1.92%;--awb-spacing-left-small:1.92%;\"><div class=\"fusion-column-wrapper lazyload fusion-column-has-shadow fusion-flex-justify-content-flex-start fusion-content-layout-column fusion-column-has-bg-image\" data-bg-url=\"https:\/\/www.alteripso.com\/wp-content\/uploads\/2026\/02\/Frame-26.webp\" data-bg=\"https:\/\/www.alteripso.com\/wp-content\/uploads\/2026\/02\/Frame-26.webp\"><div class=\"fusion-title title fusion-title-3 fusion-sep-none fusion-title-text fusion-title-size-div\" style=\"--awb-text-color:var(--awb-color5);--awb-margin-bottom:0px;--awb-margin-bottom-small:0px;--awb-font-size:20px;\"><div class=\"fusion-title-heading title-heading-left title-heading-tag fusion-responsive-typography-calculated\" style=\"font-family:&quot;RedditSans-SemiBold&quot;;font-style:normal;font-weight:400;margin:0;font-size:1em;--fontSize:20;--minFontSize:20;line-height:1.7;\"><p>Developers<br \/>\nReact, Javascript, PHP<\/p><\/div><\/div><div class=\"fusion-text fusion-text-3\" style=\"--awb-font-size:18px;--awb-text-color:var(--awb-color5);--awb-margin-top:0px;--awb-text-font-family:&quot;RedditSans-Light&quot;;--awb-text-font-style:normal;--awb-text-font-weight:400;\"><p>Annecy le Vieux<br \/>\nPAE des Glaisins,<br \/>\nFull-time<\/p>\n<\/div><div style=\"text-align:right;\"><a class=\"fusion-button button-flat fusion-button-default-size button-custom fusion-button-default button-2 fusion-button-default-span fusion-button-default-type btn-hov-offre\" style=\"--button_accent_color:var(--awb-color5);--button_border_color:var(--awb-color5);--button_accent_hover_color:var(--awb-color5);--button_border_hover_color:var(--awb-color2);--button_border_width-top:1px;--button_border_width-right:1px;--button_border_width-bottom:1px;--button_border_width-left:1px;--button_gradient_top_color:var(--awb-color6);--button_gradient_bottom_color:var(--awb-color6);--button_gradient_top_color_hover:var(--awb-color2);--button_gradient_bottom_color_hover:var(--awb-color2);--button_padding-top:8px;--button_padding-right:39px;--button_padding-bottom:8px;--button_padding-left:39px;--button_margin-top:0px;\" target=\"_self\" href=\"\/en\/poste\/developpeurs\/\"><span class=\"fusion-button-text\">Search<\/span><\/a><\/div><\/div><\/div><\/div><\/div><\/div><\/div><\/div><\/p>","protected":false},"excerpt":{"rendered":"","protected":false},"author":1,"featured_media":0,"parent":0,"menu_order":0,"comment_status":"closed","ping_status":"closed","template":"100-width.php","meta":{"inline_featured_image":false,"footnotes":""},"class_list":["post-1101","page","type-page","status-publish","hentry"],"yoast_head":"<!-- This site is optimized with the Yoast SEO plugin v27.4 - https:\/\/yoast.com\/product\/yoast-seo-wordpress\/ -->\n<title>LES OFFRES D\u2019EMPLOI ALTER IPSO - Alter Ipso<\/title>\n<meta name=\"description\" content=\"Alter Ipso vous accompagne dans votre transformation digitale avec des solutions IPTV innovantes, du conseil strat\u00e9gique et des outils adapt\u00e9s dans les domaines de la sant\u00e9 et de l&#039;h\u00f4tellerie .\" \/>\n<meta name=\"robots\" content=\"index, follow, max-snippet:-1, max-image-preview:large, max-video-preview:-1\" \/>\n<link rel=\"canonical\" href=\"https:\/\/www.alteripso.com\/en\/les-offres-emploi-alter-ipso\/\" \/>\n<meta property=\"og:locale\" content=\"en_US\" \/>\n<meta property=\"og:type\" content=\"article\" \/>\n<meta property=\"og:title\" content=\"LES OFFRES D\u2019EMPLOI ALTER IPSO - Alter Ipso\" \/>\n<meta property=\"og:description\" content=\"Alter Ipso vous accompagne dans votre transformation digitale avec des solutions IPTV innovantes, du conseil strat\u00e9gique et des outils adapt\u00e9s dans les domaines de la sant\u00e9 et de l&#039;h\u00f4tellerie .\" \/>\n<meta property=\"og:url\" content=\"https:\/\/www.alteripso.com\/en\/les-offres-emploi-alter-ipso\/\" \/>\n<meta property=\"og:site_name\" content=\"Alter Ipso\" \/>\n<meta property=\"article:modified_time\" content=\"2026-04-17T09:49:23+00:00\" \/>\n<meta name=\"twitter:card\" content=\"summary_large_image\" \/>\n<meta name=\"twitter:label1\" content=\"Est. reading time\" \/>\n\t<meta name=\"twitter:data1\" content=\"1 minute\" \/>\n<!-- \/ Yoast SEO plugin. -->","yoast_head_json":{"title":"LES OFFRES D\u2019EMPLOI ALTER IPSO - Alter Ipso","description":"Alter Ipso vous accompagne dans votre transformation digitale avec des solutions IPTV innovantes, du conseil strat\u00e9gique et des outils adapt\u00e9s dans les domaines de la sant\u00e9 et de l'h\u00f4tellerie .","robots":{"index":"index","follow":"follow","max-snippet":"max-snippet:-1","max-image-preview":"max-image-preview:large","max-video-preview":"max-video-preview:-1"},"canonical":"https:\/\/www.alteripso.com\/en\/les-offres-emploi-alter-ipso\/","og_locale":"en_US","og_type":"article","og_title":"LES OFFRES D\u2019EMPLOI ALTER IPSO - Alter Ipso","og_description":"Alter Ipso vous accompagne dans votre transformation digitale avec des solutions IPTV innovantes, du conseil strat\u00e9gique et des outils adapt\u00e9s dans les domaines de la sant\u00e9 et de l'h\u00f4tellerie .","og_url":"https:\/\/www.alteripso.com\/en\/les-offres-emploi-alter-ipso\/","og_site_name":"Alter Ipso","article_modified_time":"2026-04-17T09:49:23+00:00","twitter_card":"summary_large_image","twitter_misc":{"Est. reading time":"1 minute"},"schema":{"@context":"https:\/\/schema.org","@graph":[{"@type":"WebPage","@id":"https:\/\/www.alteripso.com\/les-offres-emploi-alter-ipso\/","url":"https:\/\/www.alteripso.com\/les-offres-emploi-alter-ipso\/","name":"LES OFFRES D\u2019EMPLOI ALTER IPSO - Alter Ipso","isPartOf":{"@id":"https:\/\/www.alteripso.com\/#website"},"datePublished":"2020-09-14T16:02:53+00:00","dateModified":"2026-04-17T09:49:23+00:00","description":"Alter Ipso vous accompagne dans votre transformation digitale avec des solutions IPTV innovantes, du conseil strat\u00e9gique et des outils adapt\u00e9s dans les domaines de la sant\u00e9 et de l'h\u00f4tellerie .","breadcrumb":{"@id":"https:\/\/www.alteripso.com\/les-offres-emploi-alter-ipso\/#breadcrumb"},"inLanguage":"en-US","potentialAction":[{"@type":"ReadAction","target":["https:\/\/www.alteripso.com\/les-offres-emploi-alter-ipso\/"]}]},{"@type":"BreadcrumbList","@id":"https:\/\/www.alteripso.com\/les-offres-emploi-alter-ipso\/#breadcrumb","itemListElement":[{"@type":"ListItem","position":1,"name":"Accueil","item":"https:\/\/www.alteripso.com\/"},{"@type":"ListItem","position":2,"name":"LES OFFRES D\u2019EMPLOI ALTER IPSO"}]},{"@type":"WebSite","@id":"https:\/\/www.alteripso.com\/#website","url":"https:\/\/www.alteripso.com\/","name":"Alter Ipso","description":"Your R))) solution","potentialAction":[{"@type":"SearchAction","target":{"@type":"EntryPoint","urlTemplate":"https:\/\/www.alteripso.com\/?s={search_term_string}"},"query-input":{"@type":"PropertyValueSpecification","valueRequired":true,"valueName":"search_term_string"}}],"inLanguage":"en-US"}]}},"_links":{"self":[{"href":"https:\/\/www.alteripso.com\/en\/wp-json\/wp\/v2\/pages\/1101","targetHints":{"allow":["GET"]}}],"collection":[{"href":"https:\/\/www.alteripso.com\/en\/wp-json\/wp\/v2\/pages"}],"about":[{"href":"https:\/\/www.alteripso.com\/en\/wp-json\/wp\/v2\/types\/page"}],"author":[{"embeddable":true,"href":"https:\/\/www.alteripso.com\/en\/wp-json\/wp\/v2\/users\/1"}],"replies":[{"embeddable":true,"href":"https:\/\/www.alteripso.com\/en\/wp-json\/wp\/v2\/comments?post=1101"}],"version-history":[{"count":94,"href":"https:\/\/www.alteripso.com\/en\/wp-json\/wp\/v2\/pages\/1101\/revisions"}],"predecessor-version":[{"id":5636,"href":"https:\/\/www.alteripso.com\/en\/wp-json\/wp\/v2\/pages\/1101\/revisions\/5636"}],"wp:attachment":[{"href":"https:\/\/www.alteripso.com\/en\/wp-json\/wp\/v2\/media?parent=1101"}],"curies":[{"name":"wp","href":"https:\/\/api.w.org\/{rel}","templated":true}]}}